{"id":29,"date":"2021-10-15T16:53:24","date_gmt":"2021-10-15T14:53:24","guid":{"rendered":"http:\/\/coriesu.com\/?page_id=29"},"modified":"2025-09-23T13:38:05","modified_gmt":"2025-09-23T11:38:05","slug":"activities","status":"publish","type":"page","link":"http:\/\/coriesu.com\/fr\/activities\/","title":{"rendered":"Activit\u00e9s"},"content":{"rendered":"\t\t<div data-elementor-type=\"wp-page\" data-elementor-id=\"29\" class=\"elementor elementor-29\" data-elementor-post-type=\"page\">\n\t\t\t\t\t\t<section class=\"elementor-section elementor-top-section elementor-element elementor-element-8492548 elementor-section-height-min-height elementor-section-boxed elementor-section-height-default elementor-section-items-middle\" data-id=\"8492548\" data-element_type=\"section\" data-e-type=\"section\" data-settings=\"{&quot;background_background&quot;:&quot;classic&quot;}\">\n\t\t\t\t\t\t\t<div class=\"elementor-background-overlay\"><\/div>\n\t\t\t\t\t\t\t<div class=\"elementor-container elementor-column-gap-default\">\n\t\t\t\t\t<div class=\"elementor-column elementor-col-100 elementor-top-column elementor-element elementor-element-d11eb5b\" data-id=\"d11eb5b\" data-element_type=\"column\" data-e-type=\"column\">\n\t\t\t<div class=\"elementor-widget-wrap elementor-element-populated\">\n\t\t\t\t\t\t<div class=\"elementor-element elementor-element-c7a4884 elementor-widget elementor-widget-heading\" data-id=\"c7a4884\" data-element_type=\"widget\" data-e-type=\"widget\" data-widget_type=\"heading.default\">\n\t\t\t\t<div class=\"elementor-widget-container\">\n\t\t\t\t\t<h2 class=\"elementor-heading-title elementor-size-default\">LES ACTIVIT\u00c9S<\/h2>\t\t\t\t<\/div>\n\t\t\t\t<\/div>\n\t\t\t\t\t<\/div>\n\t\t<\/div>\n\t\t\t\t\t<\/div>\n\t\t<\/section>\n\t\t\t\t<section class=\"elementor-section elementor-top-section elementor-element elementor-element-efdee33 elementor-section-boxed elementor-section-height-default elementor-section-height-default\" data-id=\"efdee33\" data-element_type=\"section\" data-e-type=\"section\">\n\t\t\t\t\t\t<div class=\"elementor-container elementor-column-gap-default\">\n\t\t\t\t\t<div class=\"elementor-column elementor-col-100 elementor-top-column elementor-element elementor-element-d4e4007\" data-id=\"d4e4007\" data-element_type=\"column\" data-e-type=\"column\">\n\t\t\t<div class=\"elementor-widget-wrap elementor-element-populated\">\n\t\t\t\t\t\t<div class=\"elementor-element elementor-element-f1a0f91 elementor-widget elementor-widget-text-editor\" data-id=\"f1a0f91\" data-element_type=\"widget\" data-e-type=\"widget\" data-widget_type=\"text-editor.default\">\n\t\t\t\t<div class=\"elementor-widget-container\">\n\t\t\t\t\t\t\t\t\t<p><span style=\"font-weight: 400;\">En fonction des besoins des \u00e9tablissements catholiques d&rsquo;enseignement sup\u00e9rieur partenaires, les programmes de premier et de deuxi\u00e8me cycle de l&rsquo;Acad\u00e9mie Cor Iesu peuvent prendre la forme de cours d&rsquo;une semaine ou d&rsquo;un semestre, selon les besoins de chaque facult\u00e9 universitaire, et de conf\u00e9rences et ateliers d&rsquo;un week-end ou d&rsquo;une semaine qui peuvent am\u00e9liorer le contenu et l&rsquo;enseignement de cours pr\u00e9existants approuv\u00e9s par la facult\u00e9 universitaire. L&rsquo;AIC est \u00e9galement en mesure de travailler avec les facult\u00e9s sur des projets de recherche conjoints r\u00e9guliers ou p\u00e9riodiques. Tous ces programmes peuvent \u00eatre men\u00e9s en personne ou en ligne.<\/span><\/p>\t\t\t\t\t\t\t\t<\/div>\n\t\t\t\t<\/div>\n\t\t\t\t\t<\/div>\n\t\t<\/div>\n\t\t\t\t\t<\/div>\n\t\t<\/section>\n\t\t\t\t<section class=\"elementor-section elementor-top-section elementor-element elementor-element-5bd3003 elementor-section-boxed elementor-section-height-default elementor-section-height-default\" data-id=\"5bd3003\" data-element_type=\"section\" data-e-type=\"section\">\n\t\t\t\t\t\t<div class=\"elementor-container elementor-column-gap-default\">\n\t\t\t\t\t<div class=\"elementor-column elementor-col-100 elementor-top-column elementor-element elementor-element-5a189a2\" data-id=\"5a189a2\" data-element_type=\"column\" data-e-type=\"column\">\n\t\t\t<div class=\"elementor-widget-wrap elementor-element-populated\">\n\t\t\t\t\t\t<div class=\"elementor-element elementor-element-d530b87 elementor-grid-tablet-3 elementor-grid-3 elementor-grid-mobile-1 elementor-posts--thumbnail-top load-more-align-center elementor-widget elementor-widget-posts\" data-id=\"d530b87\" data-element_type=\"widget\" data-e-type=\"widget\" data-settings=\"{&quot;classic_columns_tablet&quot;:&quot;3&quot;,&quot;pagination_type&quot;:&quot;load_more_on_click&quot;,&quot;classic_columns&quot;:&quot;3&quot;,&quot;classic_columns_mobile&quot;:&quot;1&quot;,&quot;classic_row_gap&quot;:{&quot;unit&quot;:&quot;px&quot;,&quot;size&quot;:35,&quot;sizes&quot;:[]},&quot;classic_row_gap_tablet&quot;:{&quot;unit&quot;:&quot;px&quot;,&quot;size&quot;:&quot;&quot;,&quot;sizes&quot;:[]},&quot;classic_row_gap_mobile&quot;:{&quot;unit&quot;:&quot;px&quot;,&quot;size&quot;:&quot;&quot;,&quot;sizes&quot;:[]},&quot;load_more_spinner&quot;:{&quot;value&quot;:&quot;fas fa-spinner&quot;,&quot;library&quot;:&quot;fa-solid&quot;}}\" data-widget_type=\"posts.classic\">\n\t\t\t\t<div class=\"elementor-widget-container\">\n\t\t\t\t\t\t\t<div class=\"elementor-posts-container elementor-posts elementor-posts--skin-classic elementor-grid\" role=\"list\">\n\t\t\t\t<article class=\"elementor-post elementor-grid-item post-1885 post type-post status-publish format-standard has-post-thumbnail hentry category-non-classe\" role=\"listitem\">\n\t\t\t\t<a class=\"elementor-post__thumbnail__link\" href=\"http:\/\/coriesu.com\/fr\/colloque-sur-saint-thomas-daquin-au-xxie-siecle\/\" tabindex=\"-1\" >\n\t\t\t<div class=\"elementor-post__thumbnail\"><img fetchpriority=\"high\" decoding=\"async\" width=\"640\" height=\"480\" src=\"https:\/\/coriesu.com\/wp-content\/uploads\/2025\/09\/IMG_0370.jpg\" class=\"attachment-full size-full wp-image-1873\" alt=\"\" srcset=\"https:\/\/coriesu.com\/wp-content\/uploads\/2025\/09\/IMG_0370.jpg 640w, https:\/\/coriesu.com\/wp-content\/uploads\/2025\/09\/IMG_0370-300x225.jpg 300w, https:\/\/coriesu.com\/wp-content\/uploads\/2025\/09\/IMG_0370-16x12.jpg 16w\" sizes=\"(max-width: 640px) 100vw, 640px\" \/><\/div>\n\t\t<\/a>\n\t\t\t\t<div class=\"elementor-post__text\">\n\t\t\t\t<h3 class=\"elementor-post__title\">\n\t\t\t<a href=\"http:\/\/coriesu.com\/fr\/colloque-sur-saint-thomas-daquin-au-xxie-siecle\/\" >\n\t\t\t\tColloque sur saint Thomas d&rsquo;Aquin au XXIe si\u00e8cle\t\t\t<\/a>\n\t\t<\/h3>\n\t\t\t\t<div class=\"elementor-post__meta-data\">\n\t\t\t\t\t<span class=\"elementor-post-date\">\n\t\t\t7 ao\u00fbt 2025\t\t<\/span>\n\t\t\t\t<\/div>\n\t\t\n\t\t<a class=\"elementor-post__read-more\" href=\"http:\/\/coriesu.com\/fr\/colloque-sur-saint-thomas-daquin-au-xxie-siecle\/\" aria-label=\"En savoir plus sur Colloque sur saint Thomas d&rsquo;Aquin au XXIe si\u00e8cle\" tabindex=\"-1\" >\n\t\t\tLire la suite \t\t<\/a>\n\n\t\t\t\t<\/div>\n\t\t\t\t<\/article>\n\t\t\t\t<article class=\"elementor-post elementor-grid-item post-1881 post type-post status-publish format-standard has-post-thumbnail hentry category-non-classe\" role=\"listitem\">\n\t\t\t\t<a class=\"elementor-post__thumbnail__link\" href=\"http:\/\/coriesu.com\/fr\/religion-et-philanthropie-une-etude-de-cas-sur-limmigration-a-naples\/\" tabindex=\"-1\" >\n\t\t\t<div class=\"elementor-post__thumbnail\"><img decoding=\"async\" width=\"640\" height=\"480\" src=\"https:\/\/coriesu.com\/wp-content\/uploads\/2025\/09\/IMG_0294.jpg\" class=\"attachment-full size-full wp-image-1866\" alt=\"\" srcset=\"https:\/\/coriesu.com\/wp-content\/uploads\/2025\/09\/IMG_0294.jpg 640w, https:\/\/coriesu.com\/wp-content\/uploads\/2025\/09\/IMG_0294-300x225.jpg 300w, https:\/\/coriesu.com\/wp-content\/uploads\/2025\/09\/IMG_0294-16x12.jpg 16w\" sizes=\"(max-width: 640px) 100vw, 640px\" \/><\/div>\n\t\t<\/a>\n\t\t\t\t<div class=\"elementor-post__text\">\n\t\t\t\t<h3 class=\"elementor-post__title\">\n\t\t\t<a href=\"http:\/\/coriesu.com\/fr\/religion-et-philanthropie-une-etude-de-cas-sur-limmigration-a-naples\/\" >\n\t\t\t\tReligion et philanthropie\u00a0: une \u00e9tude de cas sur l\u2019immigration \u00e0 Naples\t\t\t<\/a>\n\t\t<\/h3>\n\t\t\t\t<div class=\"elementor-post__meta-data\">\n\t\t\t\t\t<span class=\"elementor-post-date\">\n\t\t\t26 juillet 2025\t\t<\/span>\n\t\t\t\t<\/div>\n\t\t\n\t\t<a class=\"elementor-post__read-more\" href=\"http:\/\/coriesu.com\/fr\/religion-et-philanthropie-une-etude-de-cas-sur-limmigration-a-naples\/\" aria-label=\"En savoir plus sur Religion et philanthropie\u00a0: une \u00e9tude de cas sur l\u2019immigration \u00e0 Naples\" tabindex=\"-1\" >\n\t\t\tLire la suite \t\t<\/a>\n\n\t\t\t\t<\/div>\n\t\t\t\t<\/article>\n\t\t\t\t<article class=\"elementor-post elementor-grid-item post-1879 post type-post status-publish format-standard has-post-thumbnail hentry category-non-classe\" role=\"listitem\">\n\t\t\t\t<a class=\"elementor-post__thumbnail__link\" href=\"http:\/\/coriesu.com\/fr\/theologie-et-arts-en-bourgogne\/\" tabindex=\"-1\" >\n\t\t\t<div class=\"elementor-post__thumbnail\"><img decoding=\"async\" width=\"640\" height=\"480\" src=\"https:\/\/coriesu.com\/wp-content\/uploads\/2025\/09\/IMG_0064.jpg\" class=\"attachment-full size-full wp-image-1861\" alt=\"\" srcset=\"https:\/\/coriesu.com\/wp-content\/uploads\/2025\/09\/IMG_0064.jpg 640w, https:\/\/coriesu.com\/wp-content\/uploads\/2025\/09\/IMG_0064-300x225.jpg 300w, https:\/\/coriesu.com\/wp-content\/uploads\/2025\/09\/IMG_0064-16x12.jpg 16w\" sizes=\"(max-width: 640px) 100vw, 640px\" \/><\/div>\n\t\t<\/a>\n\t\t\t\t<div class=\"elementor-post__text\">\n\t\t\t\t<h3 class=\"elementor-post__title\">\n\t\t\t<a href=\"http:\/\/coriesu.com\/fr\/theologie-et-arts-en-bourgogne\/\" >\n\t\t\t\tTh\u00e9ologie et arts en Bourgogne\t\t\t<\/a>\n\t\t<\/h3>\n\t\t\t\t<div class=\"elementor-post__meta-data\">\n\t\t\t\t\t<span class=\"elementor-post-date\">\n\t\t\t11 juin 2025\t\t<\/span>\n\t\t\t\t<\/div>\n\t\t\n\t\t<a class=\"elementor-post__read-more\" href=\"http:\/\/coriesu.com\/fr\/theologie-et-arts-en-bourgogne\/\" aria-label=\"En savoir plus sur Th\u00e9ologie et arts en Bourgogne\" tabindex=\"-1\" >\n\t\t\tLire la suite \t\t<\/a>\n\n\t\t\t\t<\/div>\n\t\t\t\t<\/article>\n\t\t\t\t<article class=\"elementor-post elementor-grid-item post-1792 post type-post status-publish format-standard has-post-thumbnail hentry category-non-classe\" role=\"listitem\">\n\t\t\t\t<a class=\"elementor-post__thumbnail__link\" href=\"http:\/\/coriesu.com\/fr\/philanthropie-et-christianisme-2024\/\" tabindex=\"-1\" >\n\t\t\t<div class=\"elementor-post__thumbnail\"><img loading=\"lazy\" decoding=\"async\" width=\"2560\" height=\"1920\" src=\"https:\/\/coriesu.com\/wp-content\/uploads\/2024\/08\/IMG_1137-scaled.jpeg\" class=\"attachment-full size-full wp-image-1796\" alt=\"\" srcset=\"https:\/\/coriesu.com\/wp-content\/uploads\/2024\/08\/IMG_1137-scaled.jpeg 2560w, https:\/\/coriesu.com\/wp-content\/uploads\/2024\/08\/IMG_1137-300x225.jpeg 300w, https:\/\/coriesu.com\/wp-content\/uploads\/2024\/08\/IMG_1137-1024x768.jpeg 1024w, https:\/\/coriesu.com\/wp-content\/uploads\/2024\/08\/IMG_1137-768x576.jpeg 768w\" sizes=\"(max-width: 2560px) 100vw, 2560px\" \/><\/div>\n\t\t<\/a>\n\t\t\t\t<div class=\"elementor-post__text\">\n\t\t\t\t<h3 class=\"elementor-post__title\">\n\t\t\t<a href=\"http:\/\/coriesu.com\/fr\/philanthropie-et-christianisme-2024\/\" >\n\t\t\t\tPhilanthropie et christianisme 2024\t\t\t<\/a>\n\t\t<\/h3>\n\t\t\t\t<div class=\"elementor-post__meta-data\">\n\t\t\t\t\t<span class=\"elementor-post-date\">\n\t\t\t11 juillet 2024\t\t<\/span>\n\t\t\t\t<\/div>\n\t\t\n\t\t<a class=\"elementor-post__read-more\" href=\"http:\/\/coriesu.com\/fr\/philanthropie-et-christianisme-2024\/\" aria-label=\"En savoir plus sur Philanthropie et christianisme 2024\" tabindex=\"-1\" >\n\t\t\tLire la suite \t\t<\/a>\n\n\t\t\t\t<\/div>\n\t\t\t\t<\/article>\n\t\t\t\t<article class=\"elementor-post elementor-grid-item post-1814 post type-post status-publish format-standard has-post-thumbnail hentry category-non-classe\" role=\"listitem\">\n\t\t\t\t<a class=\"elementor-post__thumbnail__link\" href=\"http:\/\/coriesu.com\/fr\/labsolu-et-lintellect-leducation-catholique-et-marianiste\/\" tabindex=\"-1\" >\n\t\t\t<div class=\"elementor-post__thumbnail\"><img loading=\"lazy\" decoding=\"async\" width=\"2000\" height=\"1500\" src=\"https:\/\/coriesu.com\/wp-content\/uploads\/2024\/08\/IMG_1026.jpeg\" class=\"attachment-full size-full wp-image-1816\" alt=\"\" srcset=\"https:\/\/coriesu.com\/wp-content\/uploads\/2024\/08\/IMG_1026.jpeg 2000w, https:\/\/coriesu.com\/wp-content\/uploads\/2024\/08\/IMG_1026-300x225.jpeg 300w, https:\/\/coriesu.com\/wp-content\/uploads\/2024\/08\/IMG_1026-1024x768.jpeg 1024w, https:\/\/coriesu.com\/wp-content\/uploads\/2024\/08\/IMG_1026-768x576.jpeg 768w, https:\/\/coriesu.com\/wp-content\/uploads\/2024\/08\/IMG_1026-1536x1152.jpeg 1536w, https:\/\/coriesu.com\/wp-content\/uploads\/2024\/08\/IMG_1026-16x12.jpeg 16w\" sizes=\"(max-width: 2000px) 100vw, 2000px\" \/><\/div>\n\t\t<\/a>\n\t\t\t\t<div class=\"elementor-post__text\">\n\t\t\t\t<h3 class=\"elementor-post__title\">\n\t\t\t<a href=\"http:\/\/coriesu.com\/fr\/labsolu-et-lintellect-leducation-catholique-et-marianiste\/\" >\n\t\t\t\tL&rsquo;absolu et l&rsquo;intellect : l&rsquo;\u00e9ducation catholique et marianiste\t\t\t<\/a>\n\t\t<\/h3>\n\t\t\t\t<div class=\"elementor-post__meta-data\">\n\t\t\t\t\t<span class=\"elementor-post-date\">\n\t\t\t14 juin 2024\t\t<\/span>\n\t\t\t\t<\/div>\n\t\t\n\t\t<a class=\"elementor-post__read-more\" href=\"http:\/\/coriesu.com\/fr\/labsolu-et-lintellect-leducation-catholique-et-marianiste\/\" aria-label=\"En savoir plus sur L&rsquo;absolu et l&rsquo;intellect : l&rsquo;\u00e9ducation catholique et marianiste\" tabindex=\"-1\" >\n\t\t\tLire la suite \t\t<\/a>\n\n\t\t\t\t<\/div>\n\t\t\t\t<\/article>\n\t\t\t\t<article class=\"elementor-post elementor-grid-item post-1822 post type-post status-publish format-standard has-post-thumbnail hentry category-non-classe\" role=\"listitem\">\n\t\t\t\t<a class=\"elementor-post__thumbnail__link\" href=\"http:\/\/coriesu.com\/fr\/700eme-anniversairede-la-canonisation-de-saint-thomas-daquin\/\" tabindex=\"-1\" >\n\t\t\t<div class=\"elementor-post__thumbnail\"><img loading=\"lazy\" decoding=\"async\" width=\"1454\" height=\"2064\" src=\"https:\/\/coriesu.com\/wp-content\/uploads\/2023\/06\/Capture-decran-2023-06-27-a-17.15.52.png\" class=\"attachment-full size-full wp-image-1644\" alt=\"\" srcset=\"https:\/\/coriesu.com\/wp-content\/uploads\/2023\/06\/Capture-decran-2023-06-27-a-17.15.52.png 1454w, https:\/\/coriesu.com\/wp-content\/uploads\/2023\/06\/Capture-decran-2023-06-27-a-17.15.52-211x300.png 211w, https:\/\/coriesu.com\/wp-content\/uploads\/2023\/06\/Capture-decran-2023-06-27-a-17.15.52-721x1024.png 721w, https:\/\/coriesu.com\/wp-content\/uploads\/2023\/06\/Capture-decran-2023-06-27-a-17.15.52-768x1090.png 768w, https:\/\/coriesu.com\/wp-content\/uploads\/2023\/06\/Capture-decran-2023-06-27-a-17.15.52-1082x1536.png 1082w, https:\/\/coriesu.com\/wp-content\/uploads\/2023\/06\/Capture-decran-2023-06-27-a-17.15.52-1443x2048.png 1443w, https:\/\/coriesu.com\/wp-content\/uploads\/2023\/06\/Capture-decran-2023-06-27-a-17.15.52-8x12.png 8w\" sizes=\"(max-width: 1454px) 100vw, 1454px\" \/><\/div>\n\t\t<\/a>\n\t\t\t\t<div class=\"elementor-post__text\">\n\t\t\t\t<h3 class=\"elementor-post__title\">\n\t\t\t<a href=\"http:\/\/coriesu.com\/fr\/700eme-anniversairede-la-canonisation-de-saint-thomas-daquin\/\" >\n\t\t\t\t700\u00e8me ANNIVERSAIREDE LA CANONISATION DE SAINT THOMAS D\u2019AQUIN\t\t\t<\/a>\n\t\t<\/h3>\n\t\t\t\t<div class=\"elementor-post__meta-data\">\n\t\t\t\t\t<span class=\"elementor-post-date\">\n\t\t\t1 octobre 2023\t\t<\/span>\n\t\t\t\t<\/div>\n\t\t\n\t\t<a class=\"elementor-post__read-more\" href=\"http:\/\/coriesu.com\/fr\/700eme-anniversairede-la-canonisation-de-saint-thomas-daquin\/\" aria-label=\"En savoir plus sur 700\u00e8me ANNIVERSAIREDE LA CANONISATION DE SAINT THOMAS D\u2019AQUIN\" tabindex=\"-1\" >\n\t\t\tLire la suite \t\t<\/a>\n\n\t\t\t\t<\/div>\n\t\t\t\t<\/article>\n\t\t\t\t<\/div>\n\t\t\t\t\t<span class=\"e-load-more-spinner\">\n\t\t\t\t<i aria-hidden=\"true\" class=\"fas fa-spinner\"><\/i>\t\t\t<\/span>\n\t\t\n\t\t\t\t<div class=\"e-load-more-anchor\" data-page=\"1\" data-max-page=\"2\" data-next-page=\"http:\/\/coriesu.com\/fr\/wp-json\/wp\/v2\/pages\/29\/page\/2\/\"><\/div>\n\t\t\t\t<div class=\"elementor-button-wrapper\">\n\t\t\t<a class=\"elementor-button elementor-size-sm\" role=\"button\">\n\t\t\t\t\t\t<span class=\"elementor-button-content-wrapper\">\n\t\t\t\t\t\t\t\t\t<span class=\"elementor-button-text\">Voir plus d'actualit\u00e9s<\/span>\n\t\t\t\t\t<\/span>\n\t\t\t\t\t<\/a>\n\t\t<\/div>\n\t\t\t\t<div class=\"e-load-more-message\"><\/div>\n\t\t\t\t\t\t<\/div>\n\t\t\t\t<\/div>\n\t\t\t\t\t<\/div>\n\t\t<\/div>\n\t\t\t\t\t<\/div>\n\t\t<\/section>\n\t\t\t\t<section class=\"elementor-section elementor-top-section elementor-element elementor-element-0f5590c elementor-section-boxed elementor-section-height-default elementor-section-height-default\" data-id=\"0f5590c\" data-element_type=\"section\" data-e-type=\"section\" data-settings=\"{&quot;background_background&quot;:&quot;classic&quot;}\">\n\t\t\t\t\t\t<div class=\"elementor-container elementor-column-gap-default\">\n\t\t\t\t\t<div class=\"elementor-column elementor-col-100 elementor-top-column elementor-element elementor-element-aa2e52c\" data-id=\"aa2e52c\" data-element_type=\"column\" data-e-type=\"column\">\n\t\t\t<div class=\"elementor-widget-wrap elementor-element-populated\">\n\t\t\t\t\t\t<div class=\"elementor-element elementor-element-870d544 elementor-widget elementor-widget-heading\" data-id=\"870d544\" data-element_type=\"widget\" data-e-type=\"widget\" data-widget_type=\"heading.default\">\n\t\t\t\t<div class=\"elementor-widget-container\">\n\t\t\t\t\t<h2 class=\"elementor-heading-title elementor-size-default\">Voici un aper\u00e7u des disciplines et domaines d'\u00e9tudes universitaires qui rel\u00e8vent des comp\u00e9tences de l'ACI :<\/h2>\t\t\t\t<\/div>\n\t\t\t\t<\/div>\n\t\t\t\t<section class=\"elementor-section elementor-inner-section elementor-element elementor-element-60fed8c elementor-section-boxed elementor-section-height-default elementor-section-height-default\" data-id=\"60fed8c\" data-element_type=\"section\" data-e-type=\"section\">\n\t\t\t\t\t\t<div class=\"elementor-container elementor-column-gap-default\">\n\t\t\t\t\t<div class=\"elementor-column elementor-col-50 elementor-inner-column elementor-element elementor-element-cc4c85b\" data-id=\"cc4c85b\" data-element_type=\"column\" data-e-type=\"column\">\n\t\t\t<div class=\"elementor-widget-wrap elementor-element-populated\">\n\t\t\t\t\t\t<div class=\"elementor-element elementor-element-5b1adb6 elementor-widget elementor-widget-text-editor\" data-id=\"5b1adb6\" data-element_type=\"widget\" data-e-type=\"widget\" data-widget_type=\"text-editor.default\">\n\t\t\t\t<div class=\"elementor-widget-container\">\n\t\t\t\t\t\t\t\t\t<p>Anthropologie<br \/>Arch\u00e9ologie<br \/>Histoire de l&rsquo;art<br \/>\u00c9conomie \/ Commerce<br \/>Litt\u00e9rature fran\u00e7aise<br \/>Histoire<br \/>\u00c9tudes internationales<br \/>Langue<br \/>Droit<br \/>Management<\/p>\t\t\t\t\t\t\t\t<\/div>\n\t\t\t\t<\/div>\n\t\t\t\t\t<\/div>\n\t\t<\/div>\n\t\t\t\t<div class=\"elementor-column elementor-col-50 elementor-inner-column elementor-element elementor-element-f7c653a\" data-id=\"f7c653a\" data-element_type=\"column\" data-e-type=\"column\">\n\t\t\t<div class=\"elementor-widget-wrap elementor-element-populated\">\n\t\t\t\t\t\t<div class=\"elementor-element elementor-element-118b819 elementor-widget elementor-widget-text-editor\" data-id=\"118b819\" data-element_type=\"widget\" data-e-type=\"widget\" data-widget_type=\"text-editor.default\">\n\t\t\t\t<div class=\"elementor-widget-container\">\n\t\t\t\t\t\t\t\t\t<p>M\u00e9decine \/ soins infirmiers<br \/>Musique<br \/>Philosophie<br \/>Sciences politiques<br \/>Psychologie<br \/>\u00c9tudes religieuses<br \/>Communications sociales<br \/>Sociologie<br \/>Th\u00e9ologie<\/p>\t\t\t\t\t\t\t\t<\/div>\n\t\t\t\t<\/div>\n\t\t\t\t\t<\/div>\n\t\t<\/div>\n\t\t\t\t\t<\/div>\n\t\t<\/section>\n\t\t\t\t\t<\/div>\n\t\t<\/div>\n\t\t\t\t\t<\/div>\n\t\t<\/section>\n\t\t\t\t<section class=\"elementor-section elementor-top-section elementor-element elementor-element-673a6b7 elementor-section-boxed elementor-section-height-default elementor-section-height-default\" data-id=\"673a6b7\" data-element_type=\"section\" data-e-type=\"section\">\n\t\t\t\t\t\t<div class=\"elementor-container elementor-column-gap-default\">\n\t\t\t\t\t<div class=\"elementor-column elementor-col-100 elementor-top-column elementor-element elementor-element-9fda66e\" data-id=\"9fda66e\" data-element_type=\"column\" data-e-type=\"column\">\n\t\t\t<div class=\"elementor-widget-wrap elementor-element-populated\">\n\t\t\t\t\t\t<div class=\"elementor-element elementor-element-428ec37 elementor-widget elementor-widget-text-editor\" data-id=\"428ec37\" data-element_type=\"widget\" data-e-type=\"widget\" data-widget_type=\"text-editor.default\">\n\t\t\t\t<div class=\"elementor-widget-container\">\n\t\t\t\t\t\t\t\t\t<p>L&rsquo;ACI peut \u00e9galement organiser des retraites pour les professeurs, des formations continues et des s\u00e9minaires pour les professeurs, des programmes pour les administrateurs et les donateurs de l&rsquo;universit\u00e9, ainsi que pour les administrateurs de l&rsquo;universit\u00e9.<\/p><p><br><\/p>\n<p>Bien que la ville natale de l&rsquo;ACI offre un cadre paisible pour promouvoir l&rsquo;\u00e9tude, la r\u00e9flexion et le dialogue, qui sont si cruciaux pour favoriser la formation intellectuelle et l&rsquo;apprentissage, le fait que Paray-le-Monial soit facilement accessible \u00e0 ceux qui viennent des villes de Lyon et de Paris signifie qu&rsquo;il est possible de collaborer avec des professeurs d&rsquo;universit\u00e9 et des experts professionnels qui peuvent \u00eatre pr\u00e9sents pour engager les \u00e9tudiants et le corps enseignant dans tous nos programmes d&rsquo;\u00e9tude. En outre, l&rsquo;ACI dispose d&rsquo;un r\u00e9seau de contacts avec d&rsquo;autres \u00e9tablissements d&rsquo;enseignement sup\u00e9rieur et institutions culturelles, \u00e9conomiques, politiques, scientifiques et religieuses dans la r\u00e9gion, en France et dans toute l&rsquo;Europe. Ces ressources, ainsi que les liens multiculturels intrins\u00e8ques de la r\u00e9gion en Europe et dans le monde m\u00e9diterran\u00e9en, permettent \u00e0 l&rsquo;ACI d&rsquo;offrir des possibilit\u00e9s de construire des \u00ab\u00a0ponts de compr\u00e9hension\u00a0\u00bb et de promouvoir des liens d&rsquo;apprentissage entre les \u00e9tudiants universitaires et les professeurs de divers horizons politiques, ethniques, religieux et culturels.<\/p>\n<p><br><\/p><p>L&rsquo;ACI existe \u00e9galement pour servir la communaut\u00e9 locale en organisant r\u00e9guli\u00e8rement des conf\u00e9rences, des programmes de formation et d&rsquo;autres types d&rsquo;opportunit\u00e9s d&rsquo;apprentissage interactif en th\u00e9ologie et dans d&rsquo;autres disciplines connexes en collaboration avec le dioc\u00e8se d&rsquo;Autun, de Chalon-sur-Sa\u00f4ne et de M\u00e2con pour les habitants de Paray-le-Monial et de la r\u00e9gion environnante tout au long de l&rsquo;ann\u00e9e. <\/p>\t\t\t\t\t\t\t\t<\/div>\n\t\t\t\t<\/div>\n\t\t\t\t\t<\/div>\n\t\t<\/div>\n\t\t\t\t\t<\/div>\n\t\t<\/section>\n\t\t\t\t<\/div>\n\t\t","protected":false},"excerpt":{"rendered":"<p>LES ACTIVIT\u00c9S En fonction des besoins des \u00e9tablissements catholiques d&rsquo;enseignement sup\u00e9rieur partenaires, les programmes de premier et de deuxi\u00e8me cycle de l&rsquo;Acad\u00e9mie Cor Iesu peuvent prendre la forme de cours d&rsquo;une semaine ou d&rsquo;un semestre, selon les besoins de chaque facult\u00e9 universitaire, et de conf\u00e9rences et ateliers d&rsquo;un week-end ou<\/p>\n","protected":false},"author":1,"featured_media":0,"parent":0,"menu_order":0,"comment_status":"closed","ping_status":"closed","template":"page-templates\/template-pagebuilder-full-width.php","meta":{"footnotes":""},"class_list":["post-29","page","type-page","status-publish","hentry"],"_links":{"self":[{"href":"http:\/\/coriesu.com\/fr\/wp-json\/wp\/v2\/pages\/29","targetHints":{"allow":["GET"]}}],"collection":[{"href":"http:\/\/coriesu.com\/fr\/wp-json\/wp\/v2\/pages"}],"about":[{"href":"http:\/\/coriesu.com\/fr\/wp-json\/wp\/v2\/types\/page"}],"author":[{"embeddable":true,"href":"http:\/\/coriesu.com\/fr\/wp-json\/wp\/v2\/users\/1"}],"replies":[{"embeddable":true,"href":"http:\/\/coriesu.com\/fr\/wp-json\/wp\/v2\/comments?post=29"}],"version-history":[{"count":95,"href":"http:\/\/coriesu.com\/fr\/wp-json\/wp\/v2\/pages\/29\/revisions"}],"predecessor-version":[{"id":1889,"href":"http:\/\/coriesu.com\/fr\/wp-json\/wp\/v2\/pages\/29\/revisions\/1889"}],"wp:attachment":[{"href":"http:\/\/coriesu.com\/fr\/wp-json\/wp\/v2\/media?parent=29"}],"curies":[{"name":"wp","href":"https:\/\/api.w.org\/{rel}","templated":true}]}}