{"id":27,"date":"2021-10-15T16:52:41","date_gmt":"2021-10-15T14:52:41","guid":{"rendered":"http:\/\/coriesu.com\/?page_id=27"},"modified":"2025-09-23T13:54:50","modified_gmt":"2025-09-23T11:54:50","slug":"mission","status":"publish","type":"page","link":"https:\/\/coriesu.com\/en\/mission\/","title":{"rendered":"Mission"},"content":{"rendered":"<div data-elementor-type=\"wp-page\" data-elementor-id=\"27\" class=\"elementor elementor-27\" data-elementor-post-type=\"page\">\n\t\t\t\t\t\t<section class=\"elementor-section elementor-top-section elementor-element elementor-element-013531e elementor-section-height-min-height elementor-section-boxed elementor-section-height-default elementor-section-items-middle\" data-id=\"013531e\" data-element_type=\"section\" data-e-type=\"section\" data-settings=\"{&quot;background_background&quot;:&quot;classic&quot;}\">\n\t\t\t\t\t\t\t<div class=\"elementor-background-overlay\"><\/div>\n\t\t\t\t\t\t\t<div class=\"elementor-container elementor-column-gap-default\">\n\t\t\t\t\t<div class=\"elementor-column elementor-col-100 elementor-top-column elementor-element elementor-element-92f62d3\" data-id=\"92f62d3\" data-element_type=\"column\" data-e-type=\"column\">\n\t\t\t<div class=\"elementor-widget-wrap elementor-element-populated\">\n\t\t\t\t\t\t<div class=\"elementor-element elementor-element-15f440f elementor-widget elementor-widget-heading\" data-id=\"15f440f\" data-element_type=\"widget\" data-e-type=\"widget\" data-widget_type=\"heading.default\">\n\t\t\t\t<div class=\"elementor-widget-container\">\n\t\t\t\t\t<h2 class=\"elementor-heading-title elementor-size-default\">Missions<\/h2>\t\t\t\t<\/div>\n\t\t\t\t<\/div>\n\t\t\t\t\t<\/div>\n\t\t<\/div>\n\t\t\t\t\t<\/div>\n\t\t<\/section>\n\t\t\t\t<section class=\"elementor-section elementor-top-section elementor-element elementor-element-7cfc078 elementor-section-boxed elementor-section-height-default elementor-section-height-default\" data-id=\"7cfc078\" data-element_type=\"section\" data-e-type=\"section\" data-settings=\"{&quot;background_background&quot;:&quot;classic&quot;}\">\n\t\t\t\t\t\t<div class=\"elementor-container elementor-column-gap-default\">\n\t\t\t\t\t<div class=\"elementor-column elementor-col-100 elementor-top-column elementor-element elementor-element-e545a70\" data-id=\"e545a70\" data-element_type=\"column\" data-e-type=\"column\">\n\t\t\t<div class=\"elementor-widget-wrap elementor-element-populated\">\n\t\t\t\t\t\t<div class=\"elementor-element elementor-element-46fe4bb elementor-widget elementor-widget-text-editor\" data-id=\"46fe4bb\" data-element_type=\"widget\" data-e-type=\"widget\" data-widget_type=\"text-editor.default\">\n\t\t\t\t<div class=\"elementor-widget-container\">\n\t\t\t\t\t\t\t\t\t<p>The Acad\u00e9mie Cor Iesu (ACI) exists to provide a window into the broad and deep Catholic Intellectual Tradition and to serve as a bridge to the Christian tradition as it is lived today in the town where the devotion to the Sacred Heart of Jesus, which is so well-known and beloved through the world, began following the apparitions of Jesus to a nun of the Visitation Monastery, St Marguerite Marie Alacoque, nearly four hundred years ago. As such, the Acad\u00e9mie\u2019s home, Paray-le-Monial is a truly unique place to promote academic formation and professional development deeply rooted in Christian humanism and an openness to transcendent truth revealed in the Person of Christ.\u00a0\u00a0<\/p><p><\/p><p>In keeping with the original meaning of the Greek word academy, as a gathering of learned persons, the ACI exists in partnership and collaboration with Catholic Universities and Institutes from around the world, the ACI is a center where students and scholars of all cultures, ethnicities and creeds can come together to engage collaboratively and creatively in interdisciplinary research, dialogue and cultural exchange.<\/p><p><\/p><p>The primary mission of the ACI is to organize and run study programs for undergraduate and graduate level students and faculty. Our study programs transform the city of Paray-le-Monial and the surrounding Burgundy region into a \u201cclassroom\u201d which immerse university students and faculty in the rich cultural, historical, religious, literary, scientific and artistic heritage of the region which continue to shape and form the complex tapestry of social, political, economic and academic realities of France, Europe and our world today.<\/p>\t\t\t\t\t\t\t\t<\/div>\n\t\t\t\t<\/div>\n\t\t\t\t\t<\/div>\n\t\t<\/div>\n\t\t\t\t\t<\/div>\n\t\t<\/section>\n\t\t\t\t<section class=\"elementor-section elementor-top-section elementor-element elementor-element-f7067d7 elementor-section-boxed elementor-section-height-default elementor-section-height-default\" data-id=\"f7067d7\" data-element_type=\"section\" data-e-type=\"section\" data-settings=\"{&quot;background_background&quot;:&quot;classic&quot;}\">\n\t\t\t\t\t\t<div class=\"elementor-container elementor-column-gap-default\">\n\t\t\t\t\t<div class=\"elementor-column elementor-col-100 elementor-top-column elementor-element elementor-element-6455013\" data-id=\"6455013\" data-element_type=\"column\" data-e-type=\"column\">\n\t\t\t<div class=\"elementor-widget-wrap elementor-element-populated\">\n\t\t\t\t\t\t<div class=\"elementor-element elementor-element-a4df8af elementor-widget elementor-widget-heading\" data-id=\"a4df8af\" data-element_type=\"widget\" data-e-type=\"widget\" data-widget_type=\"heading.default\">\n\t\t\t\t<div class=\"elementor-widget-container\">\n\t\t\t\t\t<h2 class=\"elementor-heading-title elementor-size-default\">Certificate in Catholic Theology Program<\/h2>\t\t\t\t<\/div>\n\t\t\t\t<\/div>\n\t\t\t\t<div class=\"elementor-element elementor-element-d3092a2 elementor-widget elementor-widget-heading\" data-id=\"d3092a2\" data-element_type=\"widget\" data-e-type=\"widget\" data-widget_type=\"heading.default\">\n\t\t\t\t<div class=\"elementor-widget-container\">\n\t\t\t\t\t<h2 class=\"elementor-heading-title elementor-size-default\">St Agnes Church<br>\n22 Haigh Avenue<br>\nNiantic, CT 06357<br>\n<\/h2>\t\t\t\t<\/div>\n\t\t\t\t<\/div>\n\t\t\t\t<div class=\"elementor-element elementor-element-c978e18 elementor-widget elementor-widget-text-editor\" data-id=\"c978e18\" data-element_type=\"widget\" data-e-type=\"widget\" data-widget_type=\"text-editor.default\">\n\t\t\t\t<div class=\"elementor-widget-container\">\n\t\t\t\t\t\t\t\t\t<p>A series of eight modules meant for all who would like to deepen their love and understanding of Catholic Theology.<\/p>\n<p>Each week features an interactive, two-hour lecture and discussion with Dr. Robert White in the parish hall.<\/p>\n<p>Participants will have the opportunity to learn about the breadth and depth of theology through in-person meetings, assigned readings and the composition of reflection papers.<\/p>\n<p>The program is designed for those who are interested in expanding their understanding of theology, but who do not have the time or the resources to commit to earning a degree from an institution of higher education.<\/p>\n<p>The certificate will be issued by the Acad\u00e9mie Cor Iesu in Paray-le-Monial, France, whose mission includes the promotion of intellectual and cultural formation of the faithful.<\/p>\n<p><\/p>\n<p><strong>MODULE ONE: INTRODUCTION TO CATHOLIC THEOLOGY<\/strong><br>Wednesdays, September 3, 10, 17 &amp; 24 from 6-8 pm<\/p>\n<p><strong>MODULE TWO: BIBLICAL FOUNDATIONS<\/strong><br>Wednesdays, October 1, 8, 15 &amp; 22 from 6-8 pm<\/p>\n<p><strong>MODULE THREE: THEOLOGICAL ANTHROPOLOGY AND GRACE<\/strong><br>Wednesdays, October 29; November 5, 12, 19 from 6-8 pm<\/p>\n<p><strong>MODULE FOUR: CHRISTOLOGY &amp; TRINITY<\/strong><br>Wednesdays, December 3, 10; January 14 &amp; 21 from 6-8 pm<\/p>\n<p><strong>MODULE FIVE: ECCLESIOLOGY &amp; PNEUMATOLOGY<\/strong><br>Wednesdays, January 28; February 4, 11 &amp; 18 from 6-8 pm<\/p>\n<p><strong>MODULE SIX: LITURGY &amp; SACRAMENTS<\/strong><br>Wednesdays, February 25; March 4, 11 &amp; 18 from 6-8 pm<\/p>\n<p><strong>MODULE SEVEN: ETHICS &amp; MORALITY<\/strong><br>Wednesdays, March 25; April 1, 8 &amp; 15 from 6-8 pm<\/p>\n<p><strong>MODULE EIGHT: SOCIAL DOCTRINE &amp; DIALOGUE<\/strong><br>Wednesdays, April 22, 29; May 6 &amp; 13 from 6-8 pm<\/p>\n<p><\/p>\n<p><br><\/p><p>It is also possible to audit individual lectures or four-week modules.<\/p>\n<p>For registration and more information: <a href=\"mailto:contact@coriesu.com\">contact@coriesu.com<\/a><\/p>\t\t\t\t\t\t\t\t<\/div>\n\t\t\t\t<\/div>\n\t\t\t\t\t<\/div>\n\t\t<\/div>\n\t\t\t\t\t<\/div>\n\t\t<\/section>\n\t\t\t\t<\/div>","protected":false},"excerpt":{"rendered":"<p>Nos missions L&rsquo;Acad\u00e9mie Cor Iesu (ACI) existe pour offrir une vision sur la vaste et profonde tradition intellectuelle catholique et pour servir de passerelle vers la tradition chr\u00e9tienne telle qu&rsquo;elle est v\u00e9cue aujourd&rsquo;hui dans la ville o\u00f9 la d\u00e9votion au Sacr\u00e9-C\u0153ur de J\u00e9sus, si connue et aim\u00e9e dans le monde [&hellip;]<\/p>\n","protected":false},"author":1,"featured_media":0,"parent":0,"menu_order":0,"comment_status":"closed","ping_status":"closed","template":"page-templates\/template-pagebuilder-full-width.php","meta":{"footnotes":""},"class_list":["post-27","page","type-page","status-publish","hentry"],"_links":{"self":[{"href":"https:\/\/coriesu.com\/en\/wp-json\/wp\/v2\/pages\/27","targetHints":{"allow":["GET"]}}],"collection":[{"href":"https:\/\/coriesu.com\/en\/wp-json\/wp\/v2\/pages"}],"about":[{"href":"https:\/\/coriesu.com\/en\/wp-json\/wp\/v2\/types\/page"}],"author":[{"embeddable":true,"href":"https:\/\/coriesu.com\/en\/wp-json\/wp\/v2\/users\/1"}],"replies":[{"embeddable":true,"href":"https:\/\/coriesu.com\/en\/wp-json\/wp\/v2\/comments?post=27"}],"version-history":[{"count":64,"href":"https:\/\/coriesu.com\/en\/wp-json\/wp\/v2\/pages\/27\/revisions"}],"predecessor-version":[{"id":1899,"href":"https:\/\/coriesu.com\/en\/wp-json\/wp\/v2\/pages\/27\/revisions\/1899"}],"wp:attachment":[{"href":"https:\/\/coriesu.com\/en\/wp-json\/wp\/v2\/media?parent=27"}],"curies":[{"name":"wp","href":"https:\/\/api.w.org\/{rel}","templated":true}]}}